{"id":4298,"date":"2020-12-03T12:51:21","date_gmt":"2020-12-03T12:51:21","guid":{"rendered":"https:\/\/myatechconsulting.com\/?page_id=4298"},"modified":"2020-12-29T13:00:31","modified_gmt":"2020-12-29T13:00:31","slug":"consultoria","status":"publish","type":"page","link":"https:\/\/myatechconsulting.com\/?page_id=4298","title":{"rendered":"Consultor\u00eda"},"content":{"rendered":"<div class=\"brz-root__container brz-reset-all\">\n<section data-uid=\"smcpdjwfgggqtsnhfwgonbqkthnzjrfjjnsz\" id=\"smcpdjwfgggqtsnhfwgonbqkthnzjrfjjnsz\" class=\"brz-section brz-css-wztxm brz-css-dtidu\">\n<div class=\"brz-slick-slider brz-slick-slider__section\" data-slides-to-show=\"1\" data-slides-to-scroll=\"1\" data-arrows=\"true\" data-dots=\"true\" data-dots-class=\"brz-slick-slider__dots brz-slick-slider__dots--circle\" data-fade=\"false\" data-vertical=\"false\" data-auto-play=\"false\" data-auto-play-speed=\"3000\" data-swipe=\"false\" data-responsive=\"%5B%7B%22breakpoint%22%3A767%2C%22settings%22%3A%7B%22slidesToShow%22%3A1%2C%22slidesToScroll%22%3A1%7D%7D%5D\">\n<div class=\"brz-section__content brz-section--boxed brz-css-pamhe brz-css-chwpl\" data-custom-id=\"lwyeslypptdtjwqroovydsidwbkcwackisub\">\n<div class=\"brz-bg\">\n<div class=\"brz-bg-image\"><\/div>\n<div class=\"brz-bg-color\"><\/div>\n<\/div>\n<div class=\"brz-container brz-css-xwhwv\">\n<div class=\"brz-row__container brz-css-wienu brz-css-fxwne\" data-custom-id=\"zarnhmsbwnezuhudidqjugkjdhkymqeupnbx\">\n<div class=\"brz-row brz-css-andzj brz-css-kneuw\">\n<div class=\"brz-columns brz-css-dmznf brz-css-npwif\" data-custom-id=\"cemqvtsevknuxwayjbywxettflhepfbzakta\">\n<div class=\"brz-column__items brz-css-tygna brz-css-zankr\">\n<div class=\"brz-css-wljus brz-css-zcyor brz-wrapper\">\n<div class=\"brz-image brz-css-ouarf\"><a class=\"brz-a\" href=\"{@brizy_SITE_URL_PLACEHOLDER@}\/home\/\" data-brz-link-type=\"external\" data-custom-id=\"ufhmqdbqannrnhofunittjzmzitksxdjbbaa\"><picture class=\"brz-picture brz-d-block brz-p-relative brz-css-ziwal\"><img class=\"brz-img brz-img-svg\" src=\"{@brizy_SITE_URL_PLACEHOLDER@}\/?brizy_attachment=wp-3dd7573090ecca0156b901c5778c1eb7.svg\" alt=\"{{ brizy_dc_image_alt uid='wp-3dd7573090ecca0156b901c5778c1eb7.svg' }}\" draggable=\"false\" loading=\"lazy\"><\/picture><\/a><\/div>\n<\/div>\n<\/div>\n<\/div>\n<div class=\"brz-columns brz-css-dmznf brz-css-zgbeg\" data-custom-id=\"aflfmbeccdbscdmkqpcnemusisifwsloaykf\">\n<div class=\"brz-column__items brz-css-tygna brz-css-jtemv\">\n<div class=\"brz-css-wljus brz-css-pduqi brz-css-avjxh brz-wrapper\">\n<div class=\"brz-spacer brz-css-yklya brz-css-hmczi\"><\/div>\n<\/div>\n<div class=\"brz-css-wljus brz-css-agfsm brz-wrapper\">\n<div class=\"brz-menu-simple brz-css-wznib brz-css-oqfty\">\n<div class=\"brz-menu-simple__toggle brz-menu-simple__toggle--mobile\"><input type=\"checkbox\" class=\"brz-input\" id=\"brz-menu-simple__btn-hwwkb\"><label class=\"brz-menu-simple__icon\" for=\"brz-menu-simple__btn-hwwkb\"><span class=\"brz-menu-simple__icon--bars\"><\/span><\/label><\/p>\n<div style=\"min-height:20px\">{{editor_navigation name=\u00bbmain-menu\u00bb}}<\/div>\n<\/div>\n<\/div>\n<\/div>\n<div class=\"brz-css-wljus brz-css-pduqi brz-css-ilmyo brz-wrapper\">\n<div class=\"brz-spacer brz-css-yklya brz-css-nqppg\"><\/div>\n<\/div>\n<\/div>\n<\/div>\n<\/div>\n<\/div>\n<div class=\"brz-css-wljus brz-css-pduqi brz-css-xsrqa brz-wrapper\">\n<div class=\"brz-spacer brz-css-yklya brz-css-fxrgo\"><\/div>\n<\/div>\n<div class=\"brz-css-wljus brz-css-amtrh brz-wrapper\">\n<div class=\"brz-rich-text brz-css-yhmsk\" data-custom-id=\"sjhvnhpfdxheaneksbkkclnnpjeqmrtkbnmv\">\n<p class=\"brz-fs-xs-34 brz-lh-xs-1_3 brz-text-lg-center brz-tp-heading1\"><strong class=\"brz-cp-color2\">Consultor\u00eda<\/strong><\/p>\n<\/div>\n<\/div>\n<div class=\"brz-css-wljus brz-css-pduqi brz-css-gjmbo brz-wrapper\">\n<div class=\"brz-spacer brz-css-yklya brz-css-zrkda\"><\/div>\n<\/div>\n<\/div>\n<\/div>\n<p><svg id=\"nc_icon\" viewbox=\"0 0 16 16\" xmlns=\"http:\/\/www.w3.org\/2000\/svg\" class=\"brz-icon-svg brz-hidden\" data-type=\"editor\" data-name=\"right-arrow-thin\"><g class=\"nc-icon-wrapper\" fill=\"currentColor\"><title>thin<\/title><path d=\"M5.025 16L4 15.009 11.25 8 4 .991 5.025 0l7.762 7.504a.684.684 0 0 1 0 .992L5.025 16z\" fill=\"currentColor\" fill-rule=\"nonzero\" stroke=\"none\" stroke-width=\"1\"\/><\/g><\/svg>\n<\/div>\n<\/section>\n<section data-uid=\"mlfzfxsycalmymmpyjlzktxkhedbksiogdtr\" id=\"mlfzfxsycalmymmpyjlzktxkhedbksiogdtr\" class=\"brz-section brz-css-wztxm\">\n<div class=\"brz-section__content brz-section--boxed brz-css-pamhe brz-css-qmexc\" data-custom-id=\"zspxtxgeoyxvqidrqnyhmtvusqgtkdlbyath\">\n<div class=\"brz-container brz-css-xwhwv\">\n<div class=\"brz-css-wljus brz-css-oenwu brz-wrapper\">\n<div class=\"brz-rich-text brz-css-yhmsk\" data-custom-id=\"figtxuacgciezmbrjvhmkpbjdpmmtunmxjrb\">\n<p class=\"brz-fw-xs-700 brz-tp-heading5 brz-fw-sm-700\"><span class=\"brz-cp-color6\">Escuchamos tus necesidades y buscamos la mejor soluci\u00f3n.<\/span><\/p>\n<p class=\"brz-fs-xs-im-8 brz-fs-sm-im-8 brz-fs-lg-10 brz-fw-xs-im-300 brz-fw-sm-im-300 brz-fw-lg-300 brz-ft-google brz-ff-noto_serif brz-ls-xs-im-0 brz-ls-sm-im-0 brz-ls-lg-0 brz-lh-xs-im-1_6 brz-lh-sm-im-1_6 brz-lh-lg-1_7\"><strong class=\"brz-cp-color6\"> <\/strong><\/p>\n<p class=\"brz-tp-paragraph\"><span class=\"brz-cp-color7\">Te acompa\u00f1amos en la transformaci\u00f3n de tu empresa para adaptarla a los nuevos retos de la era digital y contribuir a alcanzar los objetivos y estrategias que te propongas. En el entorno econ\u00f3mico actual en el que la tecnolog\u00eda evoluciona constantemente, alinear la tecnolog\u00eda m\u00e1s innovadora a los procesos se ha convertido en una prioridad para dotar a las empresas de ventajas competitivas, nuevas experiencias de los clientes y mayor capacidad de respuesta a las necesidades del mercado. Creemos firmemente en la renovaci\u00f3n tecnolog\u00eda y trabajaremos estrechamente con nuestros clientes en identificar nuevas oportunidades para mejorar tanto sus resultados como la experiencia de empleados y clientes.<\/span><\/p>\n<\/div>\n<\/div>\n<\/div>\n<\/div>\n<\/section>\n<footer data-uid=\"yifaxdgaqkoooqidboxvotgxqjksqemaxlvf\" id=\"yifaxdgaqkoooqidboxvotgxqjksqemaxlvf\" class=\"brz-section #footer{  position: fixed;  bottom: 0;  width: 100%; z-index:2000;  } brz-css-wztxm\">\n<div class=\"brz-section__content brz-section--boxed brz-css-pamhe brz-css-wlvro\" data-custom-id=\"uumxrkhhgfgsgmmmmrcspnbgjvpcmwpidvix\">\n<div class=\"brz-bg\">\n<div class=\"brz-bg-color\"><\/div>\n<\/div>\n<div class=\"brz-container brz-css-xwhwv\">\n<div class=\"brz-css-wljus brz-css-zuxcn brz-wrapper\">\n<div class=\"brz-rich-text brz-css-yhmsk\" data-custom-id=\"fjghigmjvcbojwlxafakeogvciqiadxntjdx\">\n<p class=\"brz-text-lg-center brz-tp-heading6\"><span class=\"brz-cp-color8\">S\u00cdGUENOS EN LAS REDES SOCIALES:<\/span><\/p>\n<\/div>\n<\/div>\n<div class=\"brz-wrapper-clone brz-css-lwtas brz-css-ujroy\">\n<div class=\"brz-d-xs-flex brz-flex-xs-wrap brz-css-cwpxj\">\n<div class=\"brz-wrapper-clone__item brz-css-wrcgp\" id=\"poeibvhucpmykpctuihcpeulmqyayvngqszr\"><a class=\"brz-a brz-btn brz-css-tvzbl brz-css-qjzwy\" href=\"https:\/\/www.facebook.com\/MyA-Tech-Consulting-147333009127139\/\" target=\"_blank\" data-brz-link-type=\"external\" data-custom-id=\"poeibvhucpmykpctuihcpeulmqyayvngqszr\"><svg id=\"nc_icon\" version=\"1.1\" xmlns=\"http:\/\/www.w3.org\/2000\/svg\" xmlns:xlink=\"http:\/\/www.w3.org\/1999\/xlink\" x=\"0px\" y=\"0px\" viewbox=\"0 0 24 24\" xml:space=\"preserve\" class=\"brz-icon-svg brz-css-htynx\" data-type=\"glyph\" data-name=\"logo-fb-simple\"><g class=\"nc-icon-wrapper\" fill=\"currentColor\"><path fill=\"currentColor\" d=\"M9.03153,23L9,13H5V9h4V6.5C9,2.7886,11.29832,1,14.60914,1c1.58592,0,2.94893,0.11807,3.34615,0.17085 v3.87863l-2.29623,0.00104c-1.80061,0-2.14925,0.85562-2.14925,2.11119V9H18.75l-2,4h-3.24019v10H9.03153z\"\/><\/g><\/svg><span class=\"brz-span brz-text__editor\">FACEBOOK<\/span><\/a><\/div>\n<div class=\"brz-wrapper-clone__item brz-css-wrcgp\" id=\"cnxrxcdkcscwdepfdsvjhgyrbqjtrhpvfauq\"><a class=\"brz-a brz-btn brz-css-tvzbl brz-css-fskdj\" href=\"https:\/\/twitter.com\/MyATechCon\" target=\"_blank\" data-brz-link-type=\"external\" data-custom-id=\"cnxrxcdkcscwdepfdsvjhgyrbqjtrhpvfauq\"><svg id=\"nc_icon\" version=\"1.1\" xmlns=\"http:\/\/www.w3.org\/2000\/svg\" xmlns:xlink=\"http:\/\/www.w3.org\/1999\/xlink\" x=\"0px\" y=\"0px\" viewbox=\"0 0 24 24\" xml:space=\"preserve\" class=\"brz-icon-svg brz-css-htynx\" data-type=\"glyph\" data-name=\"logo-twitter\"><g class=\"nc-icon-wrapper\" fill=\"currentColor\"><path fill=\"currentColor\" d=\"M24,4.6c-0.9,0.4-1.8,0.7-2.8,0.8c1-0.6,1.8-1.6,2.2-2.7c-1,0.6-2,1-3.1,1.2c-0.9-1-2.2-1.6-3.6-1.6 c-2.7,0-4.9,2.2-4.9,4.9c0,0.4,0,0.8,0.1,1.1C7.7,8.1,4.1,6.1,1.7,3.1C1.2,3.9,1,4.7,1,5.6c0,1.7,0.9,3.2,2.2,4.1 C2.4,9.7,1.6,9.5,1,9.1c0,0,0,0,0,0.1c0,2.4,1.7,4.4,3.9,4.8c-0.4,0.1-0.8,0.2-1.3,0.2c-0.3,0-0.6,0-0.9-0.1c0.6,2,2.4,3.4,4.6,3.4 c-1.7,1.3-3.8,2.1-6.1,2.1c-0.4,0-0.8,0-1.2-0.1c2.2,1.4,4.8,2.2,7.5,2.2c9.1,0,14-7.5,14-14c0-0.2,0-0.4,0-0.6 C22.5,6.4,23.3,5.5,24,4.6z\"\/><\/g><\/svg><span class=\"brz-span brz-text__editor\">TWITTER<\/span><\/a><\/div>\n<div class=\"brz-wrapper-clone__item brz-css-wrcgp\" id=\"ofjeuesemibuhdodzmooaffdfbasybnbpeeh\"><a class=\"brz-a brz-btn brz-css-tvzbl brz-css-jytzt\" href=\"https:\/\/www.instagram.com\/myatechconsulting\/\" target=\"_blank\" data-brz-link-type=\"external\" data-custom-id=\"ofjeuesemibuhdodzmooaffdfbasybnbpeeh\"><svg id=\"nc_icon\" version=\"1.1\" xmlns=\"http:\/\/www.w3.org\/2000\/svg\" xmlns:xlink=\"http:\/\/www.w3.org\/1999\/xlink\" x=\"0px\" y=\"0px\" viewbox=\"0 0 24 24\" xml:space=\"preserve\" class=\"brz-icon-svg brz-css-htynx\" data-type=\"glyph\" data-name=\"logo-instagram\"><g class=\"nc-icon-wrapper\" fill=\"currentColor\"><path fill=\"currentColor\" d=\"M12,2.162c3.204,0,3.584,0.012,4.849,0.07c1.366,0.062,2.633,0.336,3.608,1.311 c0.975,0.975,1.249,2.242,1.311,3.608c0.058,1.265,0.07,1.645,0.07,4.849s-0.012,3.584-0.07,4.849 c-0.062,1.366-0.336,2.633-1.311,3.608c-0.975,0.975-2.242,1.249-3.608,1.311c-1.265,0.058-1.645,0.07-4.849,0.07 s-3.584-0.012-4.849-0.07c-1.366-0.062-2.633-0.336-3.608-1.311c-0.975-0.975-1.249-2.242-1.311-3.608 c-0.058-1.265-0.07-1.645-0.07-4.849s0.012-3.584,0.07-4.849c0.062-1.366,0.336-2.633,1.311-3.608 c0.975-0.975,2.242-1.249,3.608-1.311C8.416,2.174,8.796,2.162,12,2.162 M12,0C8.741,0,8.332,0.014,7.052,0.072 c-1.95,0.089-3.663,0.567-5.038,1.942C0.639,3.389,0.161,5.102,0.072,7.052C0.014,8.332,0,8.741,0,12 c0,3.259,0.014,3.668,0.072,4.948c0.089,1.95,0.567,3.663,1.942,5.038c1.375,1.375,3.088,1.853,5.038,1.942 C8.332,23.986,8.741,24,12,24s3.668-0.014,4.948-0.072c1.95-0.089,3.663-0.567,5.038-1.942c1.375-1.375,1.853-3.088,1.942-5.038 C23.986,15.668,24,15.259,24,12s-0.014-3.668-0.072-4.948c-0.089-1.95-0.567-3.663-1.942-5.038 c-1.375-1.375-3.088-1.853-5.038-1.942C15.668,0.014,15.259,0,12,0L12,0z\"\/> <path data-color=\"color-2\" fill=\"currentColor\" d=\"M12,5.838c-3.403,0-6.162,2.759-6.162,6.162S8.597,18.162,12,18.162s6.162-2.759,6.162-6.162 S15.403,5.838,12,5.838z M12,16c-2.209,0-4-1.791-4-4s1.791-4,4-4s4,1.791,4,4S14.209,16,12,16z\"\/> <circle data-color=\"color-2\" fill=\"currentColor\" cx=\"18.406\" cy=\"5.594\" r=\"1.44\"\/><\/g><\/svg><span class=\"brz-span brz-text__editor\">INSTAGRAM<\/span><\/a><\/div>\n<\/div>\n<\/div>\n<div class=\"brz-row__container brz-css-wienu\" data-custom-id=\"vkfcpdhksdvtymmoixugqaevpfukazsclurv\">\n<div class=\"brz-row brz-css-andzj\">\n<div class=\"brz-columns brz-css-dmznf brz-css-sjbsy\" data-custom-id=\"vwjmviihrliayakgnvutbrddrfqcnwpxeywn\">\n<div class=\"brz-column__items brz-css-tygna\">\n<div class=\"brz-css-wljus brz-css-pduqi brz-wrapper\">\n<div class=\"brz-spacer brz-css-yklya brz-css-leznc\"><\/div>\n<\/div>\n<div class=\"brz-css-wljus brz-wrapper\">\n<div class=\"brz-rich-text brz-css-yhmsk\" data-custom-id=\"jkbgjuxaklrwvesducxndxuyhqwxwltgpona\">\n<p class=\"brz-tp-paragraph brz-text-lg-center\"><span class=\"brz-cp-color8\">\u00a9 Dise\u00f1ado por MyA Tech Consulting<\/span><\/p>\n<\/div>\n<\/div>\n<\/div>\n<\/div>\n<\/div>\n<\/div>\n<div class=\"brz-row__container brz-css-wienu\" data-custom-id=\"zzllvxolkujuzufsfgqzhtswigropriyymta\">\n<div class=\"brz-row brz-css-andzj\">\n<div class=\"brz-columns brz-css-dmznf brz-css-leefn\" data-custom-id=\"xpcaachvauduzfecalhococnntjtrxvdysee\">\n<div class=\"brz-column__items brz-css-tygna\">\n<div class=\"brz-css-wljus brz-wrapper\">\n<div class=\"brz-rich-text brz-css-yhmsk\" data-custom-id=\"whffjtzqkazuottlkmzydkcyurleayaygazm\">\n<p class=\"brz-text-lg-center brz-fs-xs-im-13 brz-fs-sm-im-13 brz-fs-lg-14 brz-fw-xs-im-300 brz-fw-sm-im-300 brz-fw-lg-300 brz-ft-google brz-ff-noto_serif brz-ls-xs-im-0 brz-ls-sm-im-0 brz-ls-lg-0 brz-lh-xs-im-1_6 brz-lh-sm-im-1_6 brz-lh-lg-1_7\"><a href=\"{@brizy_SITE_URL_PLACEHOLDER@}\/?page_id=3813\" target=\"_blank\" style class=\"brz-cp-color8 link--external\" data-brz-link-type=\"external\"><em>Aviso legal<\/em><\/a><\/p>\n<\/div>\n<\/div>\n<\/div>\n<\/div>\n<div class=\"brz-columns brz-css-dmznf brz-css-inggm\" data-custom-id=\"vrajijtlmdhzczmsbpwfmibconyhrdzfjuiy\">\n<div class=\"brz-column__items brz-css-tygna\">\n<div class=\"brz-css-wljus brz-wrapper\">\n<div class=\"brz-rich-text brz-css-yhmsk\" data-custom-id=\"fyjhinkxheanhoeueqpwqkextoejcodgxmdl\">\n<p class=\"brz-lh-lg-1_7 brz-lh-sm-im-1_6 brz-lh-xs-im-1_6 brz-ls-lg-0 brz-ls-sm-im-0 brz-ls-xs-im-0 brz-ff-noto_serif brz-ft-google brz-fw-lg-300 brz-fw-sm-im-300 brz-fw-xs-im-300 brz-fs-lg-14 brz-fs-sm-im-13 brz-fs-xs-im-13 brz-text-lg-center\"><a href=\"{@brizy_SITE_URL_PLACEHOLDER@}\/?page_id=3654\" target=\"_blank\" style class=\"brz-cp-color8 link--external\" data-brz-link-type=\"external\"><em>Protecci\u00f3n de datos<\/em><\/a><\/p>\n<\/div>\n<\/div>\n<\/div>\n<\/div>\n<div class=\"brz-columns brz-css-dmznf brz-css-mjiia\" data-custom-id=\"bjyropyfibzvylmdcknsiidnaijzqmyfdowq\">\n<div class=\"brz-column__items brz-css-tygna\">\n<div class=\"brz-css-wljus brz-wrapper\">\n<div class=\"brz-rich-text brz-css-yhmsk\" data-custom-id=\"uyeqkwfvnwwioalsletisfdhszczjfsxxclb\">\n<p class=\"brz-text-lg-center brz-lh-lg-1_7 brz-lh-sm-im-1_6 brz-lh-xs-im-1_6 brz-ls-lg-0 brz-ls-sm-im-0 brz-ls-xs-im-0 brz-ff-noto_serif brz-ft-google brz-fw-lg-300 brz-fw-sm-im-300 brz-fw-xs-im-300 brz-fs-lg-14 brz-fs-sm-im-13 brz-fs-xs-im-13\"><a href=\"{@brizy_SITE_URL_PLACEHOLDER@}\/?page_id=15084\" target=\"_blank\" style class=\"brz-cp-color8 link--external\" data-brz-link-type=\"external\"><em>Mapa web<\/em><\/a><\/p>\n<\/div>\n<\/div>\n<\/div>\n<\/div>\n<\/div>\n<\/div>\n<\/div>\n<\/div>\n<\/footer>\n<\/div>\n<p><!-- version:1612087698 --><\/p>\n","protected":false},"excerpt":{"rendered":"<p>{{editor_navigation name=\u00bbmain-menu\u00bb}} Consultor\u00eda thin Escuchamos tus necesidades y buscamos la mejor soluci\u00f3n. Te acompa\u00f1amos en la transformaci\u00f3n de tu empresa para adaptarla a los nuevos<a class=\"btn btn-primary btn-round btn-abs m-top-30\" data-animation=\"animated fadeInLeft\" href=\"https:\/\/myatechconsulting.com\/?page_id=4298\" target=\"_blank\">Read More<\/a><\/p>\n","protected":false},"author":3,"featured_media":0,"parent":0,"menu_order":0,"comment_status":"closed","ping_status":"closed","template":"brizy-blank-template.php","meta":[],"_links":{"self":[{"href":"https:\/\/myatechconsulting.com\/index.php?rest_route=\/wp\/v2\/pages\/4298"}],"collection":[{"href":"https:\/\/myatechconsulting.com\/index.php?rest_route=\/wp\/v2\/pages"}],"about":[{"href":"https:\/\/myatechconsulting.com\/index.php?rest_route=\/wp\/v2\/types\/page"}],"author":[{"embeddable":true,"href":"https:\/\/myatechconsulting.com\/index.php?rest_route=\/wp\/v2\/users\/3"}],"replies":[{"embeddable":true,"href":"https:\/\/myatechconsulting.com\/index.php?rest_route=%2Fwp%2Fv2%2Fcomments&post=4298"}],"version-history":[{"count":5,"href":"https:\/\/myatechconsulting.com\/index.php?rest_route=\/wp\/v2\/pages\/4298\/revisions"}],"predecessor-version":[{"id":18491,"href":"https:\/\/myatechconsulting.com\/index.php?rest_route=\/wp\/v2\/pages\/4298\/revisions\/18491"}],"wp:attachment":[{"href":"https:\/\/myatechconsulting.com\/index.php?rest_route=%2Fwp%2Fv2%2Fmedia&parent=4298"}],"curies":[{"name":"wp","href":"https:\/\/api.w.org\/{rel}","templated":true}]}}